{"id":788,"date":"2025-05-09T07:12:12","date_gmt":"2025-05-09T07:12:12","guid":{"rendered":"https:\/\/harmonia.ma\/?page_id=788"},"modified":"2025-05-24T19:44:15","modified_gmt":"2025-05-24T19:44:15","slug":"fiche-dinscription","status":"publish","type":"page","link":"https:\/\/harmonia.ma\/fr\/fiche-dinscription\/","title":{"rendered":"Fiche d&#8217;inscription"},"content":{"rendered":"<div data-elementor-type=\"wp-page\" data-elementor-id=\"788\" class=\"elementor elementor-788\">\n\t\t\t\t<div class=\"elementor-element elementor-element-b415398 e-flex e-con-boxed e-con e-parent\" data-id=\"b415398\" data-element_type=\"container\" data-e-type=\"container\">\n\t\t\t\t\t<div class=\"e-con-inner\">\n\t\t\t\t<div class=\"elementor-element elementor-element-96a5968 elementor-widget elementor-widget-image\" data-id=\"96a5968\" data-element_type=\"widget\" data-e-type=\"widget\" data-widget_type=\"image.default\">\n\t\t\t\t<div class=\"elementor-widget-container\">\n\t\t\t\t\t\t\t\t\t\t\t\t\t\t\t<img decoding=\"async\" src=\"https:\/\/harmonia.ma\/wp-content\/plugins\/elementor\/assets\/images\/placeholder.png\" title=\"\" alt=\"\" loading=\"lazy\" \/>\t\t\t\t\t\t\t\t\t\t\t\t\t\t\t<\/div>\n\t\t\t\t<\/div>\n\t\t\t\t\t<\/div>\n\t\t\t\t<\/div>\n\t\t<div class=\"elementor-element elementor-element-fb74967 e-flex e-con-boxed e-con e-parent\" data-id=\"fb74967\" data-element_type=\"container\" data-e-type=\"container\">\n\t\t\t\t\t<div class=\"e-con-inner\">\n\t\t\t\t<div class=\"elementor-element elementor-element-87347c8 elementor-widget elementor-widget-heading\" data-id=\"87347c8\" data-element_type=\"widget\" data-e-type=\"widget\" data-widget_type=\"heading.default\">\n\t\t\t\t<div class=\"elementor-widget-container\">\n\t\t\t\t\t<h2 class=\"elementor-heading-title elementor-size-default\">Fiche d'inscription - Ecole Harmonia\nAnn\u00e9e scolaire  2025\/2026<\/h2>\t\t\t\t<\/div>\n\t\t\t\t<\/div>\n\t\t\t\t\t<\/div>\n\t\t\t\t<\/div>\n\t\t<div class=\"elementor-element elementor-element-28a3032 e-flex e-con-boxed e-con e-parent\" data-id=\"28a3032\" data-element_type=\"container\" data-e-type=\"container\">\n\t\t\t\t\t<div class=\"e-con-inner\">\n\t\t\t\t<div class=\"elementor-element elementor-element-102197f elementor-widget elementor-widget-shortcode\" data-id=\"102197f\" data-element_type=\"widget\" data-e-type=\"widget\" data-widget_type=\"shortcode.default\">\n\t\t\t\t<div class=\"elementor-widget-container\">\n\t\t\t\t\t\t\t<div class=\"elementor-shortcode\">\n<div class=\"wpcf7 no-js\" id=\"wpcf7-f787-o1\" lang=\"ar\" dir=\"rtl\" data-wpcf7-id=\"787\">\n<div class=\"screen-reader-response\"><p role=\"status\" aria-live=\"polite\" aria-atomic=\"true\"><\/p> <ul><\/ul><\/div>\n<form action=\"\/fr\/wp-json\/wp\/v2\/pages\/788#wpcf7-f787-o1\" method=\"post\" class=\"wpcf7-form init\" aria-label=\"\u0646\u0645\u0648\u0630\u062c \u0627\u0644\u0627\u062a\u0635\u0627\u0644\" novalidate=\"novalidate\" data-status=\"init\" data-trp-original-action=\"\/fr\/wp-json\/wp\/v2\/pages\/788#wpcf7-f787-o1\">\n<fieldset class=\"hidden-fields-container\"><input type=\"hidden\" name=\"_wpcf7\" value=\"787\" \/><input type=\"hidden\" name=\"_wpcf7_version\" value=\"6.1.2\" \/><input type=\"hidden\" name=\"_wpcf7_locale\" value=\"ar\" \/><input type=\"hidden\" name=\"_wpcf7_unit_tag\" value=\"wpcf7-f787-o1\" \/><input type=\"hidden\" name=\"_wpcf7_container_post\" value=\"0\" \/><input type=\"hidden\" name=\"_wpcf7_posted_data_hash\" value=\"\" \/>\n<\/fieldset>\n<style>\n \/* \u062a\u0646\u0633\u064a\u0642 \u0627\u0644\u0646\u0635\u0648\u0635 \u062f\u0627\u062e\u0644 \u0627\u0644\u062d\u0642\u0648\u0644 *\/\n label {\n display: block;\n text-align: left;\n margin: 10px 0;\n }\n\n \/* \u062a\u0648\u0633\u064a\u0637 \u0645\u0631\u0628\u0639\u0627\u062a \u0627\u0644\u0646\u0635 *\/\n input[type=\"text\"],\n input[type=\"date\"],\n input[type=\"tel\"],\n input[type=\"email\"],\n select,\n textarea {\n display: block;\n width: 100%;\n padding: 10px;\n margin-bottom: 15px;\n border: 1px solid #ccc;\n border-radius: 5px;\n }\n\n \/* \u062a\u0646\u0633\u064a\u0642 \u0627\u0644\u0623\u0632\u0631\u0627\u0631 *\/\n input[type=\"submit\"] {\n background-color: #4CAF50;\n color: white;\n padding: 12px 20px;\n border: none;\n border-radius: 5px;\n cursor: pointer;\n }\n\n \/* \u0639\u0646\u062f \u0627\u0644\u0645\u0631\u0648\u0631 \u0639\u0644\u0649 \u0627\u0644\u0623\u0632\u0631\u0627\u0631 *\/\n input[type=\"submit\"]:hover {\n background-color: #45a049;\n }\n\n \/* \u0644\u062a\u0648\u0633\u064a\u0637 \u0627\u0644\u0646\u0645\u0648\u0630\u062c \u0641\u064a \u0627\u0644\u0635\u0641\u062d\u0629 *\/\n .form-container {\n max-width: 600px;\n margin: 0 auto;\n padding: 20px;\n background-color: #f9f9f9;\n border-radius: 10px;\n box-shadow: 0 4px 8px rgba(0, 0, 0, 0.1);\n }\n\n \/* \u062a\u062e\u0635\u064a\u0635 \u0627\u0644\u0641\u0642\u0631\u0627\u062a \u0627\u0644\u062a\u064a \u062a\u062d\u062a\u0648\u064a \u0639\u0644\u0649 \u0627\u0644\u0646\u0635\u0648\u0635 \u0627\u0644\u0639\u0646\u0627\u0648\u064a\u0646 *\/\n h3 {\n text-align: center;\n color: #333;\n }\n<\/style>\n<div class=\"form-container\">\n\t<p><label for=\"full-name\">Nom et Pr\u00e9nom<\/label><br \/>\n<span class=\"wpcf7-form-control-wrap\" data-name=\"full-name\"><input size=\"40\" maxlength=\"400\" class=\"wpcf7-form-control wpcf7-text wpcf7-validates-as-required\" id=\"full-name\" autocomplete=\"name\" aria-required=\"true\" aria-invalid=\"false\" value=\"\" type=\"text\" name=\"full-name\" \/><\/span>\n\t<\/p>\n\t<p><label for=\"Sexe\">Sexe<\/label><br \/>\n<span class=\"wpcf7-form-control-wrap\" data-name=\"Sexe\"><span class=\"wpcf7-form-control wpcf7-radio\" id=\"Sexe\"><span class=\"wpcf7-list-item first\"><input type=\"radio\" name=\"Sexe\" value=\"Masculin\" \/><span class=\"wpcf7-list-item-label\">Masculin<\/span><\/span><span class=\"wpcf7-list-item last\"><input type=\"radio\" name=\"Sexe\" value=\"F\u00e9minin\" \/><span class=\"wpcf7-list-item-label\">F\u00e9minin<\/span><\/span><\/span><\/span>\n\t<\/p>\n\t<p><label for=\"Date-naissance\">Date de naissance<\/label><br \/>\n<span class=\"wpcf7-form-control-wrap\" data-name=\"Date-naissance\"><input class=\"wpcf7-form-control wpcf7-date wpcf7-validates-as-required wpcf7-validates-as-date\" id=\"birth-date\" aria-required=\"true\" aria-invalid=\"false\" value=\"\" type=\"date\" name=\"Date-naissance\" \/><\/span>\n\t<\/p>\n\t<p><label for=\"ecole-precedente\">\u00c9tablissement de provenance<\/label><br \/>\n<span class=\"wpcf7-form-control-wrap\" data-name=\"ecole-precedente\"><input size=\"40\" maxlength=\"400\" class=\"wpcf7-form-control wpcf7-text wpcf7-validates-as-required\" id=\"ecole-precedente\" aria-required=\"true\" aria-invalid=\"false\" value=\"\" type=\"text\" name=\"ecole-precedente\" \/><\/span>\n\t<\/p>\n\t<p><label for=\"niveau-actuel\">Niveau actuel de l'\u00e9l\u00e8ve<\/label><br \/>\n<span class=\"wpcf7-form-control-wrap\" data-name=\"niveau-actuel\"><select class=\"wpcf7-form-control wpcf7-select wpcf7-validates-as-required\" id=\"niveau-actuel\" aria-required=\"true\" aria-invalid=\"false\" name=\"niveau-actuel\"><option value=\"P.S. - Maternelle\">P.S. - Maternelle<\/option><option value=\"M.S. - Maternelle\">M.S. - Maternelle<\/option><option value=\"G.S. - Maternelle\">G.S. - Maternelle<\/option><option value=\"CP\">CP<\/option><option value=\"CE 1\">CE 1<\/option><option value=\"CE 2\">CE 2<\/option><option value=\"CM 1\">CM 1<\/option><option value=\"CM 2\">CM 2<\/option><option value=\"CE 6AC 1\">CE 6AC 1<\/option><option value=\"AC 2\">AC 2<\/option><option value=\"AC 3\">AC 3<\/option><option value=\"TCS\">TCS<\/option><option value=\"1st Bac S.ECO\">1st Bac S.ECO<\/option><option value=\"1st Bac S.EXP\">1st Bac S.EXP<\/option><option value=\"1st Bac S.M\">1st Bac S.M<\/option><\/select><\/span>\n\t<\/p>\n\t<p><label for=\"classe-demandee\">Classe demand\u00e9e<\/label><br \/>\n<span class=\"wpcf7-form-control-wrap\" data-name=\"classe-demandee\"><select class=\"wpcf7-form-control wpcf7-select wpcf7-validates-as-required\" id=\"classe-demandee\" aria-required=\"true\" aria-invalid=\"false\" name=\"classe-demandee\"><option value=\"P.S. - Maternelle\">P.S. - Maternelle<\/option><option value=\"M.S. - Maternelle\">M.S. - Maternelle<\/option><option value=\"G.S. - Maternelle\">G.S. - Maternelle<\/option><option value=\"CP\">CP<\/option><option value=\"CE 1\">CE 1<\/option><option value=\"CE 2\">CE 2<\/option><option value=\"CM 1\">CM 1<\/option><option value=\"CM 2\">CM 2<\/option><option value=\"CE 6AC 1\">CE 6AC 1<\/option><option value=\"AC 2\">AC 2<\/option><option value=\"AC 3\">AC 3<\/option><option value=\"TCS\">TCS<\/option><option value=\"1st Bac S.ECO\">1st Bac S.ECO<\/option><option value=\"1st Bac S.EXP\">1st Bac S.EXP<\/option><option value=\"1st Bac S.M\">1st Bac S.M<\/option><\/select><\/span>\n\t<\/p>\n\t<p><label for=\"adresse-residence\">Adresse de r\u00e9sidence<\/label><br \/>\n<span class=\"wpcf7-form-control-wrap\" data-name=\"adresse-residence\"><input size=\"40\" maxlength=\"400\" class=\"wpcf7-form-control wpcf7-text wpcf7-validates-as-required\" id=\"adresse-residence\" aria-required=\"true\" aria-invalid=\"false\" value=\"\" type=\"text\" name=\"adresse-residence\" \/><\/span>\n\t<\/p>\n\n <!-- Informations Parent\/Tuteur L\u00e9gal -->\n\t<h3>Informations Parent \/ Tuteur L\u00e9gal\n\t<\/h3>\n\t<p><label for=\"designation\">D\u00e9signation (Parent ou Tuteur L\u00e9gal)<\/label><br \/>\n<span class=\"wpcf7-form-control-wrap\" data-name=\"designation\"><span class=\"wpcf7-form-control wpcf7-radio\" id=\"designation\"><span class=\"wpcf7-list-item first\"><input type=\"radio\" name=\"designation\" value=\"Parent\" \/><span class=\"wpcf7-list-item-label\">Parent<\/span><\/span><span class=\"wpcf7-list-item last\"><input type=\"radio\" name=\"designation\" value=\"Tuteur L\u00e9gal\" \/><span class=\"wpcf7-list-item-label\">Tuteur L\u00e9gal<\/span><\/span><\/span><\/span>\n\t<\/p>\n\t<p><label for=\"parent-full-name\">Nom et Pr\u00e9nom du Parent \/ Tuteur L\u00e9gal<\/label><br \/>\n<span class=\"wpcf7-form-control-wrap\" data-name=\"parent-full-name\"><input size=\"40\" maxlength=\"400\" class=\"wpcf7-form-control wpcf7-text wpcf7-validates-as-required\" id=\"parent-full-name\" aria-required=\"true\" aria-invalid=\"false\" value=\"\" type=\"text\" name=\"parent-full-name\" \/><\/span>\n\t<\/p>\n\t<p><label for=\"parent-profession\">Profession<\/label><br \/>\n<span class=\"wpcf7-form-control-wrap\" data-name=\"parent-profession\"><input size=\"40\" maxlength=\"400\" class=\"wpcf7-form-control wpcf7-text wpcf7-validates-as-required\" id=\"parent-profession\" aria-required=\"true\" aria-invalid=\"false\" value=\"\" type=\"text\" name=\"parent-profession\" \/><\/span>\n\t<\/p>\n\t<p><label for=\"parent-phone\">Num\u00e9ro de t\u00e9l\u00e9phone<\/label><br \/>\n<span class=\"wpcf7-form-control-wrap\" data-name=\"parent-phone\"><input size=\"40\" maxlength=\"400\" class=\"wpcf7-form-control wpcf7-tel wpcf7-validates-as-required wpcf7-text wpcf7-validates-as-tel\" id=\"parent-phone\" aria-required=\"true\" aria-invalid=\"false\" value=\"\" type=\"tel\" name=\"parent-phone\" \/><\/span>\n\t<\/p>\n\t<p><label for=\"your-email\"> Email <\/label><br \/>\n<span class=\"wpcf7-form-control-wrap\" data-name=\"your-email\"><input size=\"40\" maxlength=\"400\" class=\"wpcf7-form-control wpcf7-email wpcf7-validates-as-required wpcf7-text wpcf7-validates-as-email\" id=\"your-email\" autocomplete=\"email\" aria-required=\"true\" aria-invalid=\"false\" value=\"\" type=\"email\" name=\"your-email\" \/><\/span>\n\t<\/p>\n\t<p><input class=\"wpcf7-form-control wpcf7-submit has-spinner\" type=\"submit\" value=\"Envoyer\" \/>\n\t<\/p>\n<\/div><div class=\"wpcf7-response-output\" aria-hidden=\"true\"><\/div>\n<input type=\"hidden\" name=\"trp-form-language\" value=\"fr\"\/><\/form>\n<\/div>\n<\/div>\n\t\t\t\t\t\t<\/div>\n\t\t\t\t<\/div>\n\t\t\t\t\t<\/div>\n\t\t\t\t<\/div>\n\t\t<div class=\"elementor-element elementor-element-bf75ba0 e-flex e-con-boxed e-con e-parent\" data-id=\"bf75ba0\" data-element_type=\"container\" data-e-type=\"container\">\n\t\t\t\t\t<div class=\"e-con-inner\">\n\t\t\t\t<div class=\"elementor-element elementor-element-5ae9bba elementor-widget elementor-widget-html\" data-id=\"5ae9bba\" data-element_type=\"widget\" data-e-type=\"widget\" data-widget_type=\"html.default\">\n\t\t\t\t<div class=\"elementor-widget-container\">\n\t\t\t\t\t<script>\ndocument.addEventListener('wpcf7mailsent', function(event) {\n  const inputs = event.detail.inputs;\n  const get = (name) => inputs.find(i => i.name === name)?.value || \"\";\n\n  const data = {\n    form_type: \"primaire\",\n    \"full-name\": get(\"full-name\"),\n    \"Sexe\": get(\"Sexe\"),\n    \"Date-naissance\": get(\"Date-naissance\"),\n    \"ecole-precedente\": get(\"ecole-precedente\"),\n    \"niveau-actuel\": get(\"niveau-actuel\"),\n    \"classe-demandee\": get(\"classe-demandee\"),\n    \"adresse-residence\": get(\"adresse-residence\"),\n    \"designation\": get(\"designation\"),\n    \"parent-full-name\": get(\"parent-full-name\"),\n    \"parent-profession\": get(\"parent-profession\"),\n    \"parent-phone\": get(\"parent-phone\"),\n    \"your-email\": get(\"your-email\")\n  };\n\n  fetch(\"https:\/\/script.google.com\/macros\/s\/AKfycbxK9iWxhQm-ywRQiLLaeG0gJfohxkYydFNQf9V2WxNYfSwriQY2sYaIilu68XAqUkH47A\/exec\", {\n    method: \"POST\",\n    body: JSON.stringify(data)\n  })\n  .then(response => response.text())\n  .then(text => {\n    console.log(\"R\u00e9ponse du serveur:\", text);\n    alert(\"\u2705 \u062a\u0645 \u0625\u0631\u0633\u0627\u0644 \u0627\u0644\u0637\u0644\u0628 \u0628\u0646\u062c\u0627\u062d!\");\n  })\n  .catch(error => {\n    console.error(\"Erreur:\", error);\n    alert(\"\u274c \u062d\u062f\u062b \u062e\u0637\u0623 \u0623\u062b\u0646\u0627\u0621 \u0627\u0644\u0625\u0631\u0633\u0627\u0644.\");\n  });\n});\n<\/script>\n\t\t\t\t<\/div>\n\t\t\t\t<\/div>\n\t\t\t\t\t<\/div>\n\t\t\t\t<\/div>\n\t\t\t\t<\/div>","protected":false},"excerpt":{"rendered":"<p>Fiche d&#8217;inscription &#8211; Ecole Harmonia Ann\u00e9e scolaire 2025\/2026<\/p>","protected":false},"author":1,"featured_media":0,"parent":0,"menu_order":0,"comment_status":"closed","ping_status":"closed","template":"","meta":{"footnotes":""},"class_list":["post-788","page","type-page","status-publish","hentry"],"_links":{"self":[{"href":"https:\/\/harmonia.ma\/fr\/wp-json\/wp\/v2\/pages\/788","targetHints":{"allow":["GET"]}}],"collection":[{"href":"https:\/\/harmonia.ma\/fr\/wp-json\/wp\/v2\/pages"}],"about":[{"href":"https:\/\/harmonia.ma\/fr\/wp-json\/wp\/v2\/types\/page"}],"author":[{"embeddable":true,"href":"https:\/\/harmonia.ma\/fr\/wp-json\/wp\/v2\/users\/1"}],"replies":[{"embeddable":true,"href":"https:\/\/harmonia.ma\/fr\/wp-json\/wp\/v2\/comments?post=788"}],"version-history":[{"count":31,"href":"https:\/\/harmonia.ma\/fr\/wp-json\/wp\/v2\/pages\/788\/revisions"}],"predecessor-version":[{"id":910,"href":"https:\/\/harmonia.ma\/fr\/wp-json\/wp\/v2\/pages\/788\/revisions\/910"}],"wp:attachment":[{"href":"https:\/\/harmonia.ma\/fr\/wp-json\/wp\/v2\/media?parent=788"}],"curies":[{"name":"wp","href":"https:\/\/api.w.org\/{rel}","templated":true}]}}